{"id":1431,"date":"2018-07-19T20:31:17","date_gmt":"2018-07-19T18:31:17","guid":{"rendered":"http:\/\/staging.die-alexis.de\/?page_id=1431"},"modified":"2018-07-19T21:17:28","modified_gmt":"2018-07-19T19:17:28","slug":"lumina-moringa","status":"publish","type":"page","link":"https:\/\/die-alexis.de\/?page_id=1431","title":{"rendered":"Lumina Moringa"},"content":{"rendered":"<p style=\"text-align: center;\"><a href=\"http:\/\/staging.die-alexis.de\/wp-content\/uploads\/2018\/05\/Lumina-Moringa-verkl.-.jpg\"><img loading=\"lazy\" decoding=\"async\" class=\"size-large wp-image-892 aligncenter\" src=\"http:\/\/staging.die-alexis.de\/wp-content\/uploads\/2018\/05\/Lumina-Moringa-verkl.--1024x729.jpg\" alt=\"\" width=\"640\" height=\"456\" srcset=\"https:\/\/die-alexis.de\/wp-content\/uploads\/2018\/05\/Lumina-Moringa-verkl.--1024x729.jpg 1024w, https:\/\/die-alexis.de\/wp-content\/uploads\/2018\/05\/Lumina-Moringa-verkl.--300x214.jpg 300w, https:\/\/die-alexis.de\/wp-content\/uploads\/2018\/05\/Lumina-Moringa-verkl.--768x547.jpg 768w, https:\/\/die-alexis.de\/wp-content\/uploads\/2018\/05\/Lumina-Moringa-verkl.--365x260.jpg 365w, https:\/\/die-alexis.de\/wp-content\/uploads\/2018\/05\/Lumina-Moringa-verkl.-.jpg 1095w\" sizes=\"(max-width: 640px) 100vw, 640px\" \/><\/a><\/p>\n<p>&nbsp;<\/p>\n<h5 style=\"text-align: center;\"><div class='content-column full_width'><div style=\"padding-right:80px;padding-left:80px;\">Erleben Sie den Zauber von <strong>&#8222;Lumina Moringa&#8220;<\/div><\/div><\/strong><\/h5>\n<p>&nbsp;<\/p>\n<p style=\"text-align: center;\"><div class='content-column full_width'><div style=\"padding-right:190px;padding-left:190px;\"><p style=\"text-align: center;\">Die Feuershow-Gruppe Lumina Moringa m\u00f6chte Sie mit der Magie des Feuers in ihrer sch\u00f6nsten Form verzaubern. Sie erwartet eine <strong>20-min\u00fctge abwechslungsreiche Vorf\u00fchrung<\/strong> von acht Feuerk\u00fcnstlern, die ihr K\u00f6nnen sowohl in choreografierten Gruppen- als auch Solonummern pr\u00e4sentieren. In der Darbietung werden die Jonglage <strong>brennender Keulen, Springen mit Feuerseilen, Spiel mit Feuerst\u00e4ben, Tanz mit Feuerpoi, sowie der Feuerf\u00e4cher<\/strong> gezeigt.<strong><\/div><\/div><\/strong><\/p>\n<p style=\"text-align: center;\">Wenn Sie Ihre G\u00e4ste mit einem besonderen Abend begeistern m\u00f6chten, dann nehmen Sie gerne Kontakt zu Miriam Berschneider auf:<\/p>\n<p style=\"text-align: center;\"><span style=\"color: #3366ff;\"><em><a style=\"color: #3366ff;\" href=\"mailto:lumina-moringa@tv-mering.de\">lumina-moringa@tv-mering.de<\/a><\/em><\/span><\/p>\n<h5><em>\u00a0<\/em><\/h5>\n<p>&nbsp;<\/p>\n<p style=\"text-align: center;\"><div class='content-column one_third'><div style=\"padding-right:10px;padding-left:50px;\"><a href=\"http:\/\/staging.die-alexis.de\/wp-content\/uploads\/2018\/05\/DSC06976averkl.-.jpg\"><img loading=\"lazy\" decoding=\"async\" class=\"alignleft size-large wp-image-898\" src=\"http:\/\/staging.die-alexis.de\/wp-content\/uploads\/2018\/05\/DSC06976averkl.--1024x683.jpg\" alt=\"\" width=\"640\" height=\"427\" srcset=\"https:\/\/die-alexis.de\/wp-content\/uploads\/2018\/05\/DSC06976averkl.--1024x683.jpg 1024w, https:\/\/die-alexis.de\/wp-content\/uploads\/2018\/05\/DSC06976averkl.--300x200.jpg 300w, https:\/\/die-alexis.de\/wp-content\/uploads\/2018\/05\/DSC06976averkl.--768x512.jpg 768w, https:\/\/die-alexis.de\/wp-content\/uploads\/2018\/05\/DSC06976averkl.-.jpg 1120w\" sizes=\"(max-width: 640px) 100vw, 640px\" \/><\/a><\/div><\/div><div class='content-column one_third'><div style=\"padding-right:10px;padding-left:10px;\"><a href=\"http:\/\/staging.die-alexis.de\/wp-content\/uploads\/2018\/05\/DSC07265a-verkl.-.jpg\"><img loading=\"lazy\" decoding=\"async\" class=\"alignleft size-large wp-image-901\" src=\"http:\/\/staging.die-alexis.de\/wp-content\/uploads\/2018\/05\/DSC07265a-verkl.--1024x705.jpg\" alt=\"\" width=\"640\" height=\"441\" srcset=\"https:\/\/die-alexis.de\/wp-content\/uploads\/2018\/05\/DSC07265a-verkl.--1024x705.jpg 1024w, https:\/\/die-alexis.de\/wp-content\/uploads\/2018\/05\/DSC07265a-verkl.--300x207.jpg 300w, https:\/\/die-alexis.de\/wp-content\/uploads\/2018\/05\/DSC07265a-verkl.--768x529.jpg 768w, https:\/\/die-alexis.de\/wp-content\/uploads\/2018\/05\/DSC07265a-verkl.--640x440.jpg 640w, https:\/\/die-alexis.de\/wp-content\/uploads\/2018\/05\/DSC07265a-verkl.-.jpg 1067w\" sizes=\"(max-width: 640px) 100vw, 640px\" \/><\/a><\/div><\/div><div class='content-column one_third last_column'><div style=\"padding-right:50px;padding-left:10px;\"><a href=\"http:\/\/staging.die-alexis.de\/wp-content\/uploads\/2018\/05\/DSC07482a-verkl.-.jpg\"><img loading=\"lazy\" decoding=\"async\" class=\"alignleft size-full wp-image-902\" src=\"http:\/\/staging.die-alexis.de\/wp-content\/uploads\/2018\/05\/DSC07482a-verkl.-.jpg\" alt=\"\" width=\"870\" height=\"580\" srcset=\"https:\/\/die-alexis.de\/wp-content\/uploads\/2018\/05\/DSC07482a-verkl.-.jpg 870w, https:\/\/die-alexis.de\/wp-content\/uploads\/2018\/05\/DSC07482a-verkl.--300x200.jpg 300w, https:\/\/die-alexis.de\/wp-content\/uploads\/2018\/05\/DSC07482a-verkl.--768x512.jpg 768w\" sizes=\"(max-width: 870px) 100vw, 870px\" \/><\/a><\/div><\/div><div class='clear_column'><\/div><\/p>\n<h5><\/h5>\n<p>&nbsp;<\/p>\n<h5 style=\"text-align: center;\">Lumina Moringa freut sich auf Ihre Anfrage!<\/h5>\n<p>&nbsp;<\/p>\n<p style=\"text-align: center;\"><a href=\"http:\/\/staging.die-alexis.de\/wp-content\/uploads\/2018\/05\/DSC06756a-verkl.-.jpg\"><img loading=\"lazy\" decoding=\"async\" class=\"size-large wp-image-896 aligncenter\" src=\"http:\/\/staging.die-alexis.de\/wp-content\/uploads\/2018\/05\/DSC06756a-verkl.--1024x683.jpg\" alt=\"\" width=\"640\" height=\"427\" srcset=\"https:\/\/die-alexis.de\/wp-content\/uploads\/2018\/05\/DSC06756a-verkl.--1024x683.jpg 1024w, https:\/\/die-alexis.de\/wp-content\/uploads\/2018\/05\/DSC06756a-verkl.--300x200.jpg 300w, https:\/\/die-alexis.de\/wp-content\/uploads\/2018\/05\/DSC06756a-verkl.--768x512.jpg 768w, https:\/\/die-alexis.de\/wp-content\/uploads\/2018\/05\/DSC06756a-verkl.-.jpg 1090w\" sizes=\"(max-width: 640px) 100vw, 640px\" \/><\/a><\/p>\n","protected":false},"excerpt":{"rendered":"<p>&nbsp; &nbsp; Wenn Sie Ihre G\u00e4ste mit einem besonderen Abend begeistern m\u00f6chten, dann nehmen Sie gerne Kontakt zu Miriam Berschneider auf: lumina-moringa@tv-mering.de \u00a0 &nbsp; &nbsp; Lumina Moringa freut sich auf Ihre Anfrage! &nbsp;<\/p>\n","protected":false},"author":1,"featured_media":0,"parent":0,"menu_order":0,"comment_status":"closed","ping_status":"closed","template":"","meta":{"footnotes":""},"_links":{"self":[{"href":"https:\/\/die-alexis.de\/index.php?rest_route=\/wp\/v2\/pages\/1431"}],"collection":[{"href":"https:\/\/die-alexis.de\/index.php?rest_route=\/wp\/v2\/pages"}],"about":[{"href":"https:\/\/die-alexis.de\/index.php?rest_route=\/wp\/v2\/types\/page"}],"author":[{"embeddable":true,"href":"https:\/\/die-alexis.de\/index.php?rest_route=\/wp\/v2\/users\/1"}],"replies":[{"embeddable":true,"href":"https:\/\/die-alexis.de\/index.php?rest_route=%2Fwp%2Fv2%2Fcomments&post=1431"}],"version-history":[{"count":53,"href":"https:\/\/die-alexis.de\/index.php?rest_route=\/wp\/v2\/pages\/1431\/revisions"}],"predecessor-version":[{"id":1484,"href":"https:\/\/die-alexis.de\/index.php?rest_route=\/wp\/v2\/pages\/1431\/revisions\/1484"}],"wp:attachment":[{"href":"https:\/\/die-alexis.de\/index.php?rest_route=%2Fwp%2Fv2%2Fmedia&parent=1431"}],"curies":[{"name":"wp","href":"https:\/\/api.w.org\/{rel}","templated":true}]}}